{"id":6895,"date":"2026-05-11T21:40:07","date_gmt":"2026-05-12T00:40:07","guid":{"rendered":"https:\/\/invoz.org\/congresso\/?page_id=6895"},"modified":"2026-05-11T21:54:21","modified_gmt":"2026-05-12T00:54:21","slug":"finalistas-2026","status":"publish","type":"page","link":"https:\/\/invoz.org\/congresso\/finalistas-2026\/","title":{"rendered":"Finalistas 2026"},"content":{"rendered":"\t\t<div data-elementor-type=\"wp-page\" data-elementor-id=\"6895\" class=\"elementor elementor-6895\" data-elementor-post-type=\"page\">\n\t\t\t\t\t\t<section class=\"elementor-section elementor-top-section elementor-element elementor-element-145f4f1 elementor-section-boxed elementor-section-height-default elementor-section-height-default\" data-id=\"145f4f1\" data-element_type=\"section\" data-e-type=\"section\" data-settings=\"{&quot;background_background&quot;:&quot;classic&quot;}\">\n\t\t\t\t\t\t\t<div class=\"elementor-background-overlay\"><\/div>\n\t\t\t\t\t\t\t<div class=\"elementor-container elementor-column-gap-default\">\n\t\t\t\t\t<div class=\"elementor-column elementor-col-100 elementor-top-column elementor-element elementor-element-0b74154\" data-id=\"0b74154\" data-element_type=\"column\" data-e-type=\"column\">\n\t\t\t<div class=\"elementor-widget-wrap elementor-element-populated\">\n\t\t\t\t\t\t<div class=\"elementor-element elementor-element-7d3038f elementor-widget__width-initial elementor-widget elementor-widget-heading\" data-id=\"7d3038f\" data-element_type=\"widget\" data-e-type=\"widget\" data-widget_type=\"heading.default\">\n\t\t\t\t<div class=\"elementor-widget-container\">\n\t\t\t\t\t<h1 class=\"elementor-heading-title elementor-size-default\"><span style=\"color: #00B34F\">Conhe\u00e7a os finalistas dos pr\u00eamios do<\/span> VI Congresso INVOZ de Educa\u00e7\u00e3o<\/h1>\t\t\t\t<\/div>\n\t\t\t\t<\/div>\n\t\t\t\t\t<\/div>\n\t\t<\/div>\n\t\t\t\t\t<\/div>\n\t\t<\/section>\n\t\t\t\t<section class=\"elementor-section elementor-top-section elementor-element elementor-element-49d4d2d elementor-section-height-min-height premios elementor-section-boxed elementor-section-height-default elementor-section-items-middle\" data-id=\"49d4d2d\" data-element_type=\"section\" data-e-type=\"section\" data-settings=\"{&quot;background_background&quot;:&quot;classic&quot;}\">\n\t\t\t\t\t\t<div class=\"elementor-container elementor-column-gap-default\">\n\t\t\t\t\t<div class=\"elementor-column elementor-col-100 elementor-top-column elementor-element elementor-element-9d79cd7\" data-id=\"9d79cd7\" data-element_type=\"column\" data-e-type=\"column\">\n\t\t\t<div class=\"elementor-widget-wrap elementor-element-populated\">\n\t\t\t\t\t\t<section class=\"elementor-section elementor-inner-section elementor-element elementor-element-3efd2cb elementor-section-boxed elementor-section-height-default elementor-section-height-default\" data-id=\"3efd2cb\" data-element_type=\"section\" data-e-type=\"section\">\n\t\t\t\t\t\t<div class=\"elementor-container elementor-column-gap-custom\">\n\t\t\t\t\t<div class=\"elementor-column elementor-col-33 elementor-inner-column elementor-element elementor-element-5c9b604\" data-id=\"5c9b604\" data-element_type=\"column\" data-e-type=\"column\">\n\t\t\t<div class=\"elementor-widget-wrap elementor-element-populated\">\n\t\t\t\t\t\t<div class=\"elementor-element elementor-element-298769d elementor-view-default elementor-widget elementor-widget-icon\" data-id=\"298769d\" data-element_type=\"widget\" data-e-type=\"widget\" data-widget_type=\"icon.default\">\n\t\t\t\t<div class=\"elementor-widget-container\">\n\t\t\t\t\t\t\t<div class=\"elementor-icon-wrapper\">\n\t\t\t<div class=\"elementor-icon\">\n\t\t\t<i aria-hidden=\"true\" class=\"fas fa-users\"><\/i>\t\t\t<\/div>\n\t\t<\/div>\n\t\t\t\t\t\t<\/div>\n\t\t\t\t<\/div>\n\t\t\t\t<div class=\"elementor-element elementor-element-fb2a2e4 elementor-widget elementor-widget-heading\" data-id=\"fb2a2e4\" data-element_type=\"widget\" data-e-type=\"widget\" data-widget_type=\"heading.default\">\n\t\t\t\t<div class=\"elementor-widget-container\">\n\t\t\t\t\t<h4 class=\"elementor-heading-title elementor-size-default\">Pr\u00eamio EGEP<\/h4>\t\t\t\t<\/div>\n\t\t\t\t<\/div>\n\t\t\t\t<div class=\"elementor-element elementor-element-20190b5 elementor-widget elementor-widget-text-editor\" data-id=\"20190b5\" data-element_type=\"widget\" data-e-type=\"widget\" data-widget_type=\"text-editor.default\">\n\t\t\t\t<div class=\"elementor-widget-container\">\n\t\t\t\t\t\t\t\t\t<p><span style=\"font-weight: 400;\">Destinado \u00e0s Secretarias Municipais, Estaduais e Distrital de Educa\u00e7\u00e3o, o Pr\u00eamio EGEP &#8211; Excel\u00eancia na Gest\u00e3o da Educa\u00e7\u00e3o P\u00fablica reconhece e celebra pol\u00edticas p\u00fablicas educacionais que fazem a diferen\u00e7a. Com categorias espec\u00edficas para o Ensino Fundamental Anos Iniciais, Ensino Fundamental Anos Finais e Ensino M\u00e9dio, a premia\u00e7\u00e3o se baseia em crit\u00e9rios objetivos e qualitativos.<\/span><\/p><p><span style=\"font-weight: 400;\">O INVOZ busca proativamente os melhores desempenhos, mas tamb\u00e9m convida os entes federativos a compartilhar suas hist\u00f3rias de sucesso se inscrevendo voluntariamente no VI Congresso INVOZ de Educa\u00e7\u00e3o.<\/span><\/p>\t\t\t\t\t\t\t\t<\/div>\n\t\t\t\t<\/div>\n\t\t<!-- dce invisible element 7270c36 -->\t\t<div class=\"elementor-element elementor-element-ea0d633 elementor-align-justify elementor-absolute elementor-widget elementor-widget-button\" data-id=\"ea0d633\" data-element_type=\"widget\" data-e-type=\"widget\" data-settings=\"{&quot;_position&quot;:&quot;absolute&quot;}\" data-widget_type=\"button.default\">\n\t\t\t\t<div class=\"elementor-widget-container\">\n\t\t\t\t\t\t\t\t\t<div class=\"elementor-button-wrapper\">\n\t\t\t\t\t<a class=\"elementor-button elementor-button-link elementor-size-sm elementor-animation-grow\" href=\"https:\/\/invoz.org\/congresso\/premio-egep\">\n\t\t\t\t\t\t<span class=\"elementor-button-content-wrapper\">\n\t\t\t\t\t\t\t\t\t<span class=\"elementor-button-text\">Ver detalhes da premia\u00e7\u00e3o<\/span>\n\t\t\t\t\t<\/span>\n\t\t\t\t\t<\/a>\n\t\t\t\t<\/div>\n\t\t\t\t\t\t\t\t<\/div>\n\t\t\t\t<\/div>\n\t\t\t\t<div class=\"elementor-element elementor-element-3ffe796 elementor-align-justify elementor-absolute elementor-widget elementor-widget-button\" data-id=\"3ffe796\" data-element_type=\"widget\" data-e-type=\"widget\" data-settings=\"{&quot;_position&quot;:&quot;absolute&quot;}\" data-widget_type=\"button.default\">\n\t\t\t\t<div class=\"elementor-widget-container\">\n\t\t\t\t\t\t\t\t\t<div class=\"elementor-button-wrapper\">\n\t\t\t\t\t<a class=\"elementor-button elementor-button-link elementor-size-sm elementor-animation-grow\" href=\"https:\/\/invoz.org\/congresso\/wp-content\/uploads\/2026\/05\/Classificados-EGEP.pdf\" target=\"_blank\">\n\t\t\t\t\t\t<span class=\"elementor-button-content-wrapper\">\n\t\t\t\t\t\t\t\t\t<span class=\"elementor-button-text\">Confira os classificados<\/span>\n\t\t\t\t\t<\/span>\n\t\t\t\t\t<\/a>\n\t\t\t\t<\/div>\n\t\t\t\t\t\t\t\t<\/div>\n\t\t\t\t<\/div>\n\t\t\t\t\t<\/div>\n\t\t<\/div>\n\t\t\t\t<div class=\"elementor-column elementor-col-33 elementor-inner-column elementor-element elementor-element-baaad23\" data-id=\"baaad23\" data-element_type=\"column\" data-e-type=\"column\">\n\t\t\t<div class=\"elementor-widget-wrap elementor-element-populated\">\n\t\t\t\t\t\t<div class=\"elementor-element elementor-element-112ab0b elementor-view-default elementor-widget elementor-widget-icon\" data-id=\"112ab0b\" data-element_type=\"widget\" data-e-type=\"widget\" data-widget_type=\"icon.default\">\n\t\t\t\t<div class=\"elementor-widget-container\">\n\t\t\t\t\t\t\t<div class=\"elementor-icon-wrapper\">\n\t\t\t<div class=\"elementor-icon\">\n\t\t\t<i aria-hidden=\"true\" class=\"far fa-lightbulb\"><\/i>\t\t\t<\/div>\n\t\t<\/div>\n\t\t\t\t\t\t<\/div>\n\t\t\t\t<\/div>\n\t\t\t\t<div class=\"elementor-element elementor-element-551963c elementor-widget elementor-widget-heading\" data-id=\"551963c\" data-element_type=\"widget\" data-e-type=\"widget\" data-widget_type=\"heading.default\">\n\t\t\t\t<div class=\"elementor-widget-container\">\n\t\t\t\t\t<h4 class=\"elementor-heading-title elementor-size-default\">Pr\u00eamio Ozires Silva de Educa\u00e7\u00e3o<\/h4>\t\t\t\t<\/div>\n\t\t\t\t<\/div>\n\t\t\t\t<div class=\"elementor-element elementor-element-88e5266 elementor-widget elementor-widget-text-editor\" data-id=\"88e5266\" data-element_type=\"widget\" data-e-type=\"widget\" data-widget_type=\"text-editor.default\">\n\t\t\t\t<div class=\"elementor-widget-container\">\n\t\t\t\t\t\t\t\t\t<p>Reconhecimento aos docentes que fazem a diferen\u00e7a!<\/p><p>Este pr\u00eamio reconhece docentes da rede p\u00fablica que desenvolveram iniciativas pedag\u00f3gicas transformadoras.<\/p><p>Mais do que ideias, s\u00e3o valorizados projetos implementados com resultados comprov\u00e1veis que demonstrem inova\u00e7\u00e3o, impacto social e potencial para replica\u00e7\u00e3o. \u00c9 o reconhecimento aos que fazem a diferen\u00e7a no \u201cch\u00e3o da sala de aula\u201d.<\/p>\t\t\t\t\t\t\t\t<\/div>\n\t\t\t\t<\/div>\n\t\t<!-- dce invisible element 4bc6a5b -->\t\t<div class=\"elementor-element elementor-element-7104f4b elementor-align-justify elementor-absolute elementor-widget elementor-widget-button\" data-id=\"7104f4b\" data-element_type=\"widget\" data-e-type=\"widget\" data-settings=\"{&quot;_position&quot;:&quot;absolute&quot;}\" data-widget_type=\"button.default\">\n\t\t\t\t<div class=\"elementor-widget-container\">\n\t\t\t\t\t\t\t\t\t<div class=\"elementor-button-wrapper\">\n\t\t\t\t\t<a class=\"elementor-button elementor-button-link elementor-size-sm elementor-animation-grow\" href=\"https:\/\/invoz.org\/congresso\/wp-content\/uploads\/2026\/05\/Classificados-Ozires-Silva.pdf\" target=\"_blank\">\n\t\t\t\t\t\t<span class=\"elementor-button-content-wrapper\">\n\t\t\t\t\t\t\t\t\t<span class=\"elementor-button-text\">Confira os classificados<\/span>\n\t\t\t\t\t<\/span>\n\t\t\t\t\t<\/a>\n\t\t\t\t<\/div>\n\t\t\t\t\t\t\t\t<\/div>\n\t\t\t\t<\/div>\n\t\t\t\t\t<\/div>\n\t\t<\/div>\n\t\t\t\t<div class=\"elementor-column elementor-col-33 elementor-inner-column elementor-element elementor-element-7e72fe8\" data-id=\"7e72fe8\" data-element_type=\"column\" data-e-type=\"column\">\n\t\t\t<div class=\"elementor-widget-wrap elementor-element-populated\">\n\t\t\t\t\t\t<div class=\"elementor-element elementor-element-d080658 elementor-view-default elementor-widget elementor-widget-icon\" data-id=\"d080658\" data-element_type=\"widget\" data-e-type=\"widget\" data-widget_type=\"icon.default\">\n\t\t\t\t<div class=\"elementor-widget-container\">\n\t\t\t\t\t\t\t<div class=\"elementor-icon-wrapper\">\n\t\t\t<div class=\"elementor-icon\">\n\t\t\t<i aria-hidden=\"true\" class=\"fas fa-award\"><\/i>\t\t\t<\/div>\n\t\t<\/div>\n\t\t\t\t\t\t<\/div>\n\t\t\t\t<\/div>\n\t\t\t\t<div class=\"elementor-element elementor-element-e6b05b1 elementor-widget elementor-widget-heading\" data-id=\"e6b05b1\" data-element_type=\"widget\" data-e-type=\"widget\" data-widget_type=\"heading.default\">\n\t\t\t\t<div class=\"elementor-widget-container\">\n\t\t\t\t\t<h4 class=\"elementor-heading-title elementor-size-default\">Pr\u00eamio Desafio<br> INVOZ<\/h4>\t\t\t\t<\/div>\n\t\t\t\t<\/div>\n\t\t\t\t<div class=\"elementor-element elementor-element-04fae0c elementor-widget elementor-widget-text-editor\" data-id=\"04fae0c\" data-element_type=\"widget\" data-e-type=\"widget\" data-widget_type=\"text-editor.default\">\n\t\t\t\t<div class=\"elementor-widget-container\">\n\t\t\t\t\t\t\t\t\t<p><span style=\"font-weight: 400;\">Voltado para estudantes do 9\u00ba ano do Ensino Fundamental ao 3\u00ba ano do Ensino M\u00e9dio, o Pr\u00eamio Desafio INVOZ prop\u00f5e a cria\u00e7\u00e3o de v\u00eddeos com 3 minutos de dura\u00e7\u00e3o, sobre pessoas brasileiras inspiradoras.\u00a0\u00a0<\/span>Organizados em tr\u00eas categorias \u2013 Educa\u00e7\u00e3o, Inova\u00e7\u00e3o\/Empreendedorismo e Cultura de Excel\u00eancia \u2013 os jovens pesquisam, roteirizam e produzem conte\u00fado que conecta hist\u00f3ria, valores e futuro.\u00a0<\/p><p><span style=\"font-weight: 400;\">\u00c9 uma oportunidade \u00fanica de protagonismo estudantil e desenvolvimento de compet\u00eancias.<\/span><\/p>\t\t\t\t\t\t\t\t<\/div>\n\t\t\t\t<\/div>\n\t\t<!-- dce invisible element b76816d -->\t\t<div class=\"elementor-element elementor-element-1add437 elementor-align-justify elementor-absolute elementor-widget elementor-widget-button\" data-id=\"1add437\" data-element_type=\"widget\" data-e-type=\"widget\" data-settings=\"{&quot;_position&quot;:&quot;absolute&quot;}\" data-widget_type=\"button.default\">\n\t\t\t\t<div class=\"elementor-widget-container\">\n\t\t\t\t\t\t\t\t\t<div class=\"elementor-button-wrapper\">\n\t\t\t\t\t<a class=\"elementor-button elementor-button-link elementor-size-sm elementor-animation-grow\" href=\"https:\/\/invoz.org\/congresso\/wp-content\/uploads\/2026\/05\/Classificados-Desafio-INVOZ.pdf\" target=\"_blank\">\n\t\t\t\t\t\t<span class=\"elementor-button-content-wrapper\">\n\t\t\t\t\t\t\t\t\t<span class=\"elementor-button-text\">Confira os classificados<\/span>\n\t\t\t\t\t<\/span>\n\t\t\t\t\t<\/a>\n\t\t\t\t<\/div>\n\t\t\t\t\t\t\t\t<\/div>\n\t\t\t\t<\/div>\n\t\t\t\t\t<\/div>\n\t\t<\/div>\n\t\t\t\t\t<\/div>\n\t\t<\/section>\n\t\t\t\t\t<\/div>\n\t\t<\/div>\n\t\t\t\t\t<\/div>\n\t\t<\/section>\n\t\t\t\t<section class=\"elementor-section elementor-top-section elementor-element elementor-element-7dc3bf2 elementor-section-boxed elementor-section-height-default elementor-section-height-default\" data-id=\"7dc3bf2\" data-element_type=\"section\" data-e-type=\"section\">\n\t\t\t\t\t\t<div class=\"elementor-container elementor-column-gap-default\">\n\t\t\t\t\t<div class=\"elementor-column elementor-col-100 elementor-top-column elementor-element elementor-element-7ee7b18\" data-id=\"7ee7b18\" data-element_type=\"column\" data-e-type=\"column\">\n\t\t\t<div class=\"elementor-widget-wrap elementor-element-populated\">\n\t\t\t\t\t\t<div class=\"elementor-element elementor-element-f88c9b6 elementor-align-center elementor-widget elementor-widget-button\" data-id=\"f88c9b6\" data-element_type=\"widget\" data-e-type=\"widget\" data-widget_type=\"button.default\">\n\t\t\t\t<div class=\"elementor-widget-container\">\n\t\t\t\t\t\t\t\t\t<div class=\"elementor-button-wrapper\">\n\t\t\t\t\t<a class=\"elementor-button elementor-button-link elementor-size-sm\" href=\"https:\/\/invoz.org\/congresso\/wp-content\/uploads\/2026\/05\/Projetos-Inscritos-FINAL.pdf\" target=\"_blank\">\n\t\t\t\t\t\t<span class=\"elementor-button-content-wrapper\">\n\t\t\t\t\t\t\t\t\t<span class=\"elementor-button-text\">Veja todos os projetos inscritos<\/span>\n\t\t\t\t\t<\/span>\n\t\t\t\t\t<\/a>\n\t\t\t\t<\/div>\n\t\t\t\t\t\t\t\t<\/div>\n\t\t\t\t<\/div>\n\t\t\t\t\t<\/div>\n\t\t<\/div>\n\t\t\t\t\t<\/div>\n\t\t<\/section>\n\t\t\t\t<\/div>\n\t\t","protected":false},"excerpt":{"rendered":"<p>Conhe\u00e7a os finalistas dos pr\u00eamios do VI Congresso INVOZ de Educa\u00e7\u00e3o Pr\u00eamio EGEP Destinado \u00e0s Secretarias Municipais, Estaduais e Distrital de Educa\u00e7\u00e3o, o Pr\u00eamio EGEP &#8211; Excel\u00eancia na Gest\u00e3o da Educa\u00e7\u00e3o P\u00fablica reconhece e celebra pol\u00edticas p\u00fablicas educacionais que fazem a diferen\u00e7a. Com categorias espec\u00edficas para o Ensino Fundamental Anos Iniciais, Ensino Fundamental Anos Finais [&hellip;]<\/p>\n","protected":false},"author":5,"featured_media":0,"parent":0,"menu_order":0,"comment_status":"closed","ping_status":"closed","template":"elementor_header_footer","meta":{"_acf_changed":false,"_joinchat":[],"footnotes":""},"class_list":["post-6895","page","type-page","status-publish","hentry"],"acf":[],"_links":{"self":[{"href":"https:\/\/invoz.org\/congresso\/wp-json\/wp\/v2\/pages\/6895","targetHints":{"allow":["GET"]}}],"collection":[{"href":"https:\/\/invoz.org\/congresso\/wp-json\/wp\/v2\/pages"}],"about":[{"href":"https:\/\/invoz.org\/congresso\/wp-json\/wp\/v2\/types\/page"}],"author":[{"embeddable":true,"href":"https:\/\/invoz.org\/congresso\/wp-json\/wp\/v2\/users\/5"}],"replies":[{"embeddable":true,"href":"https:\/\/invoz.org\/congresso\/wp-json\/wp\/v2\/comments?post=6895"}],"version-history":[{"count":19,"href":"https:\/\/invoz.org\/congresso\/wp-json\/wp\/v2\/pages\/6895\/revisions"}],"predecessor-version":[{"id":6916,"href":"https:\/\/invoz.org\/congresso\/wp-json\/wp\/v2\/pages\/6895\/revisions\/6916"}],"wp:attachment":[{"href":"https:\/\/invoz.org\/congresso\/wp-json\/wp\/v2\/media?parent=6895"}],"curies":[{"name":"wp","href":"https:\/\/api.w.org\/{rel}","templated":true}]}}